{"id":2987,"date":"2019-01-17T21:37:03","date_gmt":"2019-01-17T21:37:03","guid":{"rendered":"https:\/\/hungolf.hu\/?page_id=2987"},"modified":"2019-01-17T21:37:28","modified_gmt":"2019-01-17T21:37:28","slug":"clubs","status":"publish","type":"page","link":"https:\/\/hungolf.hu\/en\/clubs\/","title":{"rendered":"Clubs"},"content":{"rendered":"<div id=\"klubbok\">\n\t\t\t<div class=\"list-grid list-post equal-heights\">\n\t\t\t\t<div class=\"list-item\">\n\t\t\t\t\t<a href=\"http:\/\/balatongolf.hu\">\n\t\t\t\t\t\t<figure>\n\t\t\t\t\t\t\t<div style=\"background-image: url(https:\/\/hungolf.hu\/wp-content\/uploads\/2018\/01\/balaton.jpg);\"><\/div>\n\t\t\t\t\t\t<\/figure>\t\n\t\t\t\t\t\t<h3>Balaton Golf Club<\/h3>\n\t\t\t\t\t\t<p>Balatonudvari,V\u00e1szolyi \u00fat<br>Holes: 18<\/p>\n\t\t\t\t\t\t<!-- div class=\"action-bar\">\n\t\t\t\t\t\t\t<span class=\"btn btn-naked btn-more\"><i class=\"icon-arrow-right-long\"><\/i><\/span>\n\t\t\t\t\t\t<\/div -->\t\t\t\t\t\t\n\t\t\t\t\t<\/a>\n\t\t\t\t<\/div>\n\t\t\t\t<div class=\"list-item\">\n\t\t\t\t\t<a href=\"https:\/\/greenfieldhotel.hu\/greenfield-golf\">\n\t\t\t\t\t\t<figure>\n\t\t\t\t\t\t\t<div style=\"background-image: url(https:\/\/hungolf.hu\/wp-content\/uploads\/2018\/01\/birdland.jpg);\"><\/div>\n\t\t\t\t\t\t<\/figure>\t\n\t\t\t\t\t\t<h3>Birdland Golf &#038; Country Club<\/h3>\n\t\t\t\t\t\t<p>B\u00fck,Golf \u00fat 4.<br>Holes: 18<\/p>\n\t\t\t\t\t\t<!-- div class=\"action-bar\">\n\t\t\t\t\t\t\t<span class=\"btn btn-naked btn-more\"><i class=\"icon-arrow-right-long\"><\/i><\/span>\n\t\t\t\t\t\t<\/div -->\t\t\t\t\t\t\n\t\t\t\t\t<\/a>\n\t\t\t\t<\/div>\n\t\t\t\t<div class=\"list-item\">\n\t\t\t\t\t<a href=\"https:\/\/botaniqgolf.hu\/\">\n\t\t\t\t\t\t<figure>\n\t\t\t\t\t\t\t<div style=\"background-image: url(https:\/\/hungolf.hu\/wp-content\/uploads\/2018\/01\/pannonia.jpg);\"><\/div>\n\t\t\t\t\t\t<\/figure>\t\n\t\t\t\t\t\t<h3>Botaniq M\u00e1riav\u00f6lgyi Golf Klub<\/h3>\n\t\t\t\t\t\t<p>Alcs\u00fatdoboz,M\u00e1riav\u00f6lgy<br>Holes: 18<\/p>\n\t\t\t\t\t\t<!-- div class=\"action-bar\">\n\t\t\t\t\t\t\t<span class=\"btn btn-naked btn-more\"><i class=\"icon-arrow-right-long\"><\/i><\/span>\n\t\t\t\t\t\t<\/div -->\t\t\t\t\t\t\n\t\t\t\t\t<\/a>\n\t\t\t\t<\/div>\n\t\t\t\t<div class=\"list-item\">\n\t\t\t\t\t<a href=\"http:\/\/www.highlandgolf.hu\/\">\n\t\t\t\t\t\t<figure>\n\t\t\t\t\t\t\t<div style=\"background-image: url(https:\/\/hungolf.hu\/wp-content\/uploads\/2018\/01\/highland.jpg);\"><\/div>\n\t\t\t\t\t\t<\/figure>\t\n\t\t\t\t\t\t<h3>Budapest Highland Golf Club &#038; Academy<\/h3>\n\t\t\t\t\t\t<p>Budapest 22. ker.,Budapest,D\u00f3zsa Gy\u00f6rgy \u00fat 99-103<br>Holes: 9<\/p>\n\t\t\t\t\t\t<!-- div class=\"action-bar\">\n\t\t\t\t\t\t\t<span class=\"btn btn-naked btn-more\"><i class=\"icon-arrow-right-long\"><\/i><\/span>\n\t\t\t\t\t\t<\/div -->\t\t\t\t\t\t\n\t\t\t\t\t<\/a>\n\t\t\t\t<\/div>\n\t\t\t\t<div class=\"list-item\">\n\t\t\t\t\t<a href=\"http:\/\/www.continentalgolf.hu\">\n\t\t\t\t\t\t<figure>\n\t\t\t\t\t\t\t<div style=\"background-image: url(https:\/\/hungolf.hu\/wp-content\/uploads\/2018\/01\/Academy.jpg);\"><\/div>\n\t\t\t\t\t\t<\/figure>\t\n\t\t\t\t\t\t<h3>Continental Citygolf Club<\/h3>\n\t\t\t\t\t\t<p>Budapest 3. ker.,Per\u00e9nyi \u00fat 6.<br>Holes: 9<\/p>\n\t\t\t\t\t\t<!-- div class=\"action-bar\">\n\t\t\t\t\t\t\t<span class=\"btn btn-naked btn-more\"><i class=\"icon-arrow-right-long\"><\/i><\/span>\n\t\t\t\t\t\t<\/div -->\t\t\t\t\t\t\n\t\t\t\t\t<\/a>\n\t\t\t\t<\/div>\n\t\t\t\t<div class=\"list-item\">\n\t\t\t\t\t<a href=\"https:\/\/foresthills.hu\/\">\n\t\t\t\t\t\t<figure>\n\t\t\t\t\t\t\t<div style=\"background-image: url(https:\/\/hungolf.hu\/wp-content\/uploads\/2018\/01\/forest-hills-.png);\"><\/div>\n\t\t\t\t\t\t<\/figure>\t\n\t\t\t\t\t\t<h3>Forest Hills Golf &#038; Country Club<\/h3>\n\t\t\t\t\t\t<p>Zirc,Szarvask\u00fat <br>Holes: 9<\/p>\n\t\t\t\t\t\t<!-- div class=\"action-bar\">\n\t\t\t\t\t\t\t<span class=\"btn btn-naked btn-more\"><i class=\"icon-arrow-right-long\"><\/i><\/span>\n\t\t\t\t\t\t<\/div -->\t\t\t\t\t\t\n\t\t\t\t\t<\/a>\n\t\t\t\t<\/div>\n\t\t\t\t<div class=\"list-item\">\n\t\t\t\t\t<a href=\"http:\/\/www.hencsegc.hu\/\">\n\t\t\t\t\t\t<figure>\n\t\t\t\t\t\t\t<div style=\"background-image: url(https:\/\/hungolf.hu\/wp-content\/uploads\/2018\/01\/hencse-national-gcc.jpg);\"><\/div>\n\t\t\t\t\t\t<\/figure>\t\n\t\t\t\t\t\t<h3>Hencse National Golf &#038; Country Club<\/h3>\n\t\t\t\t\t\t<p>Hencse,Kossuth Lajos u.1-3.<br>Holes: 18<\/p>\n\t\t\t\t\t\t<!-- div class=\"action-bar\">\n\t\t\t\t\t\t\t<span class=\"btn btn-naked btn-more\"><i class=\"icon-arrow-right-long\"><\/i><\/span>\n\t\t\t\t\t\t<\/div -->\t\t\t\t\t\t\n\t\t\t\t\t<\/a>\n\t\t\t\t<\/div>\n\t\t\t\t<div class=\"list-item\">\n\t\t\t\t\t<a href=\"http:\/\/magyargolfclub.hu\/\">\n\t\t\t\t\t\t<figure>\n\t\t\t\t\t\t\t<div style=\"background-image: url(https:\/\/hungolf.hu\/wp-content\/uploads\/2018\/01\/magyar-golf-club.jpg);\"><\/div>\n\t\t\t\t\t\t<\/figure>\t\n\t\t\t\t\t\t<h3>Magyar Golf Club<\/h3>\n\t\t\t\t\t\t<p>Kisoroszi,Golf \u00fat 1. <br>Holes: 18<\/p>\n\t\t\t\t\t\t<!-- div class=\"action-bar\">\n\t\t\t\t\t\t\t<span class=\"btn btn-naked btn-more\"><i class=\"icon-arrow-right-long\"><\/i><\/span>\n\t\t\t\t\t\t<\/div -->\t\t\t\t\t\t\n\t\t\t\t\t<\/a>\n\t\t\t\t<\/div>\n\t\t\t\t<div class=\"list-item\">\n\t\t\t\t\t<a href=\"http:\/\/www.oldlakegolf.hu\/\">\n\t\t\t\t\t\t<figure>\n\t\t\t\t\t\t\t<div style=\"background-image: url(https:\/\/hungolf.hu\/wp-content\/uploads\/2018\/01\/old-lake.jpg);\"><\/div>\n\t\t\t\t\t\t<\/figure>\t\n\t\t\t\t\t\t<h3>Old Lake Golf Club<\/h3>\n\t\t\t\t\t\t<p>Tata,Remetes\u00e9gpuszta<br>Holes: 18<\/p>\n\t\t\t\t\t\t<!-- div class=\"action-bar\">\n\t\t\t\t\t\t\t<span class=\"btn btn-naked btn-more\"><i class=\"icon-arrow-right-long\"><\/i><\/span>\n\t\t\t\t\t\t<\/div -->\t\t\t\t\t\t\n\t\t\t\t\t<\/a>\n\t\t\t\t<\/div>\n\t\t\t\t<div class=\"list-item\">\n\t\t\t\t\t<a href=\"http:\/\/golf.sonnengolf.com  \">\n\t\t\t\t\t\t<figure>\n\t\t\t\t\t\t\t<div style=\"background-image: url(https:\/\/hungolf.hu\/wp-content\/uploads\/2018\/01\/Sonnengolf-1.jpg);\"><\/div>\n\t\t\t\t\t\t<\/figure>\t\n\t\t\t\t\t\t<h3>Sonnengolf Golf Club<\/h3>\n\t\t\t\t\t\t<p>Zsira,Golf k\u00f6r\u00fat 1.<br>Holes: 9<\/p>\n\t\t\t\t\t\t<!-- div class=\"action-bar\">\n\t\t\t\t\t\t\t<span class=\"btn btn-naked btn-more\"><i class=\"icon-arrow-right-long\"><\/i><\/span>\n\t\t\t\t\t\t<\/div -->\t\t\t\t\t\t\n\t\t\t\t\t<\/a>\n\t\t\t\t<\/div>\n\t\t\t\t<div class=\"list-item\">\n\t\t\t\t\t<a href=\"http:\/\/www.lorincgolf.hu\/\">\n\t\t\t\t\t\t<figure>\n\t\t\t\t\t\t\t<div style=\"background-image: url(https:\/\/hungolf.hu\/wp-content\/uploads\/2018\/01\/St.-L\u0151rinc.jpg);\"><\/div>\n\t\t\t\t\t\t<\/figure>\t\n\t\t\t\t\t\t<h3>St. L\u0151rinc Golf Club<\/h3>\n\t\t\t\t\t\t<p>Budapest 23. ker.,Szentl\u0151rinci \u00fat 19-21.<br>Holes: 9<\/p>\n\t\t\t\t\t\t<!-- div class=\"action-bar\">\n\t\t\t\t\t\t\t<span class=\"btn btn-naked btn-more\"><i class=\"icon-arrow-right-long\"><\/i><\/span>\n\t\t\t\t\t\t<\/div -->\t\t\t\t\t\t\n\t\t\t\t\t<\/a>\n\t\t\t\t<\/div>\n\t\t\t\t<div class=\"list-item\">\n\t\t\t\t\t<a href=\"https:\/\/www.facebook.com\/VadrozsaGolfClub\/\">\n\t\t\t\t\t\t<figure>\n\t\t\t\t\t\t\t<div style=\"background-image: url(https:\/\/hungolf.hu\/wp-content\/uploads\/2019\/07\/vadrozsa-400x200.jpg);\"><\/div>\n\t\t\t\t\t\t<\/figure>\t\n\t\t\t\t\t\t<h3>Vadr\u00f3zsa Golf Club<\/h3>\n\t\t\t\t\t\t<p>T\u00f3tv\u00e1zsony,Nagymez\u0151 \u00fat 33-34.<br>Holes: <\/p>\n\t\t\t\t\t\t<!-- div class=\"action-bar\">\n\t\t\t\t\t\t\t<span class=\"btn btn-naked btn-more\"><i class=\"icon-arrow-right-long\"><\/i><\/span>\n\t\t\t\t\t\t<\/div -->\t\t\t\t\t\t\n\t\t\t\t\t<\/a>\n\t\t\t\t<\/div>\n\t\t\t\t<div class=\"list-item\">\n\t\t\t\t\t<a href=\"http:\/\/zalasprings.hu\/\">\n\t\t\t\t\t\t<figure>\n\t\t\t\t\t\t\t<div style=\"background-image: url(https:\/\/hungolf.hu\/wp-content\/uploads\/2018\/01\/zala-springs.png);\"><\/div>\n\t\t\t\t\t\t<\/figure>\t\n\t\t\t\t\t\t<h3>Zala Springs Golf Resort<\/h3>\n\t\t\t\t\t\t<p>Zalacs\u00e1ny,Cs\u00e1ny L\u00e1szl\u00f3 u.<br>Holes: 18<\/p>\n\t\t\t\t\t\t<!-- div class=\"action-bar\">\n\t\t\t\t\t\t\t<span class=\"btn btn-naked btn-more\"><i class=\"icon-arrow-right-long\"><\/i><\/span>\n\t\t\t\t\t\t<\/div -->\t\t\t\t\t\t\n\t\t\t\t\t<\/a>\n\t\t\t\t<\/div><\/div>\n\t\t<\/div>\n","protected":false},"excerpt":{"rendered":"","protected":false},"author":1,"featured_media":0,"parent":0,"menu_order":0,"comment_status":"closed","ping_status":"closed","template":"","meta":{"footnotes":""},"class_list":["post-2987","page","type-page","status-publish","hentry"],"_links":{"self":[{"href":"https:\/\/hungolf.hu\/en\/wp-json\/wp\/v2\/pages\/2987\/"}],"collection":[{"href":"https:\/\/hungolf.hu\/en\/wp-json\/wp\/v2\/pages\/"}],"about":[{"href":"https:\/\/hungolf.hu\/en\/wp-json\/wp\/v2\/types\/page\/"}],"author":[{"embeddable":true,"href":"https:\/\/hungolf.hu\/en\/wp-json\/wp\/v2\/users\/1\/"}],"replies":[{"embeddable":true,"href":"https:\/\/hungolf.hu\/en\/wp-json\/wp\/v2\/comments\/?post=2987"}],"version-history":[{"count":2,"href":"https:\/\/hungolf.hu\/en\/wp-json\/wp\/v2\/pages\/2987\/revisions\/"}],"predecessor-version":[{"id":2989,"href":"https:\/\/hungolf.hu\/en\/wp-json\/wp\/v2\/pages\/2987\/revisions\/2989\/"}],"wp:attachment":[{"href":"https:\/\/hungolf.hu\/en\/wp-json\/wp\/v2\/media\/?parent=2987"}],"curies":[{"name":"wp","href":"https:\/\/api.w.org\/{rel}","templated":true}]}}