{"id":2982,"date":"2019-01-17T21:23:47","date_gmt":"2019-01-17T21:23:47","guid":{"rendered":"https:\/\/hungolf.hu\/?page_id=2982"},"modified":"2019-01-17T21:31:56","modified_gmt":"2019-01-17T21:31:56","slug":"about-us","status":"publish","type":"page","link":"https:\/\/hungolf.hu\/en\/about-us\/about-us\/","title":{"rendered":"About us"},"content":{"rendered":"<div id=\"szervezet\">\n\t\t\t<h2>Board<\/h2>\n\t\t\t<div class=\"list-card list-businesscard\">\n\t\t\t\t<div class=\"list-item\"><img loading=\"lazy\" decoding=\"async\" width=\"120\" height=\"120\" src=\"https:\/\/hungolf.hu\/wp-content\/uploads\/2025\/05\/Soma-Dala2-120x120.jpg\" class=\"attachment-thumbnail_small_120 size-thumbnail_small_120 wp-post-image\" alt=\"\" srcset=\"https:\/\/hungolf.hu\/wp-content\/uploads\/2025\/05\/Soma-Dala2-120x120.jpg 120w, https:\/\/hungolf.hu\/wp-content\/uploads\/2025\/05\/Soma-Dala2-300x300.jpg 300w, https:\/\/hungolf.hu\/wp-content\/uploads\/2025\/05\/Soma-Dala2-1024x1024.jpg 1024w, https:\/\/hungolf.hu\/wp-content\/uploads\/2025\/05\/Soma-Dala2-150x150.jpg 150w, https:\/\/hungolf.hu\/wp-content\/uploads\/2025\/05\/Soma-Dala2-768x768.jpg 768w, https:\/\/hungolf.hu\/wp-content\/uploads\/2025\/05\/Soma-Dala2-1536x1536.jpg 1536w, https:\/\/hungolf.hu\/wp-content\/uploads\/2025\/05\/Soma-Dala2-2048x2048.jpg 2048w, https:\/\/hungolf.hu\/wp-content\/uploads\/2025\/05\/Soma-Dala2-480x480.jpg 480w, https:\/\/hungolf.hu\/wp-content\/uploads\/2025\/05\/Soma-Dala2-360x360.jpg 360w, https:\/\/hungolf.hu\/wp-content\/uploads\/2025\/05\/Soma-Dala2-60x60.jpg 60w\" sizes=\"auto, (max-width: 120px) 100vw, 120px\" \/><div class=\"list-item-content\">\n\t\t\t\t\t\t<div>\n\t\t\t\t\t\t\t<h4>Soma Dala<\/h4>\n\t\t\t\t\t\t\t<div class=\"position\">President<\/div>\n\t\t\t\t\t\t<\/div>\n\t\t\t\t\t<\/div>\n\t\t\t\t<\/div>\n\t\t\t\t<div class=\"list-item\"><img loading=\"lazy\" decoding=\"async\" width=\"120\" height=\"120\" src=\"https:\/\/hungolf.hu\/wp-content\/uploads\/2025\/05\/flesch-tamas-120x120.jpg\" class=\"attachment-thumbnail_small_120 size-thumbnail_small_120 wp-post-image\" alt=\"\" srcset=\"https:\/\/hungolf.hu\/wp-content\/uploads\/2025\/05\/flesch-tamas-120x120.jpg 120w, https:\/\/hungolf.hu\/wp-content\/uploads\/2025\/05\/flesch-tamas-300x300.jpg 300w, https:\/\/hungolf.hu\/wp-content\/uploads\/2025\/05\/flesch-tamas-1024x1024.jpg 1024w, https:\/\/hungolf.hu\/wp-content\/uploads\/2025\/05\/flesch-tamas-150x150.jpg 150w, https:\/\/hungolf.hu\/wp-content\/uploads\/2025\/05\/flesch-tamas-768x768.jpg 768w, https:\/\/hungolf.hu\/wp-content\/uploads\/2025\/05\/flesch-tamas-480x480.jpg 480w, https:\/\/hungolf.hu\/wp-content\/uploads\/2025\/05\/flesch-tamas-360x360.jpg 360w, https:\/\/hungolf.hu\/wp-content\/uploads\/2025\/05\/flesch-tamas-60x60.jpg 60w, https:\/\/hungolf.hu\/wp-content\/uploads\/2025\/05\/flesch-tamas.jpg 1405w\" sizes=\"auto, (max-width: 120px) 100vw, 120px\" \/><div class=\"list-item-content\">\n\t\t\t\t\t\t<div>\n\t\t\t\t\t\t\t<h4>Tam\u00e1s Flesch<\/h4>\n\t\t\t\t\t\t\t<div class=\"position\">Board Member<\/div>\n\t\t\t\t\t\t<\/div>\n\t\t\t\t\t<\/div>\n\t\t\t\t<\/div>\n\t\t\t\t<div class=\"list-item\"><img loading=\"lazy\" decoding=\"async\" width=\"120\" height=\"120\" src=\"https:\/\/hungolf.hu\/wp-content\/uploads\/2025\/05\/Petho-Andrea-120x120.jpeg\" class=\"attachment-thumbnail_small_120 size-thumbnail_small_120 wp-post-image\" alt=\"\" srcset=\"https:\/\/hungolf.hu\/wp-content\/uploads\/2025\/05\/Petho-Andrea-120x120.jpeg 120w, https:\/\/hungolf.hu\/wp-content\/uploads\/2025\/05\/Petho-Andrea-300x300.jpeg 300w, https:\/\/hungolf.hu\/wp-content\/uploads\/2025\/05\/Petho-Andrea-150x150.jpeg 150w, https:\/\/hungolf.hu\/wp-content\/uploads\/2025\/05\/Petho-Andrea-360x360.jpeg 360w, https:\/\/hungolf.hu\/wp-content\/uploads\/2025\/05\/Petho-Andrea-60x60.jpeg 60w, https:\/\/hungolf.hu\/wp-content\/uploads\/2025\/05\/Petho-Andrea.jpeg 428w\" sizes=\"auto, (max-width: 120px) 100vw, 120px\" \/><div class=\"list-item-content\">\n\t\t\t\t\t\t<div>\n\t\t\t\t\t\t\t<h4>Andrea Peth\u0151<\/h4>\n\t\t\t\t\t\t\t<div class=\"position\">Board Member<\/div>\n\t\t\t\t\t\t<\/div>\n\t\t\t\t\t<\/div>\n\t\t\t\t<\/div>\n\t\t\t\t<div class=\"list-item\"><img loading=\"lazy\" decoding=\"async\" width=\"120\" height=\"120\" src=\"https:\/\/hungolf.hu\/wp-content\/uploads\/2020\/08\/Schaller-120x120.jpg\" class=\"attachment-thumbnail_small_120 size-thumbnail_small_120 wp-post-image\" alt=\"\" srcset=\"https:\/\/hungolf.hu\/wp-content\/uploads\/2020\/08\/Schaller-120x120.jpg 120w, https:\/\/hungolf.hu\/wp-content\/uploads\/2020\/08\/Schaller-150x150.jpg 150w\" sizes=\"auto, (max-width: 120px) 100vw, 120px\" \/><div class=\"list-item-content\">\n\t\t\t\t\t\t<div>\n\t\t\t\t\t\t\t<h4>Dr. Ern\u0151 Schaller-Baross<\/h4>\n\t\t\t\t\t\t\t<div class=\"position\">Board Member<\/div>\n\t\t\t\t\t\t<\/div>\n\t\t\t\t\t<\/div>\n\t\t\t\t<\/div>\n\t\t\t\t<div class=\"list-item\"><img loading=\"lazy\" decoding=\"async\" width=\"120\" height=\"120\" src=\"https:\/\/hungolf.hu\/wp-content\/uploads\/2025\/05\/Szeberenyi3-120x120.jpg\" class=\"attachment-thumbnail_small_120 size-thumbnail_small_120 wp-post-image\" alt=\"\" srcset=\"https:\/\/hungolf.hu\/wp-content\/uploads\/2025\/05\/Szeberenyi3-120x120.jpg 120w, https:\/\/hungolf.hu\/wp-content\/uploads\/2025\/05\/Szeberenyi3-150x150.jpg 150w, https:\/\/hungolf.hu\/wp-content\/uploads\/2025\/05\/Szeberenyi3-60x60.jpg 60w, https:\/\/hungolf.hu\/wp-content\/uploads\/2025\/05\/Szeberenyi3.jpg 271w\" sizes=\"auto, (max-width: 120px) 100vw, 120px\" \/><div class=\"list-item-content\">\n\t\t\t\t\t\t<div>\n\t\t\t\t\t\t\t<h4>M\u00e1t\u00e9 Szeber\u00e9nyi<\/h4>\n\t\t\t\t\t\t\t<div class=\"position\">Board Member<\/div>\n\t\t\t\t\t\t<\/div>\n\t\t\t\t\t<\/div>\n\t\t\t\t<\/div>\n\t\t\t\t<div class=\"list-item\"><img loading=\"lazy\" decoding=\"async\" width=\"120\" height=\"120\" src=\"https:\/\/hungolf.hu\/wp-content\/uploads\/2025\/05\/SzepfyM-120x120.jpg\" class=\"attachment-thumbnail_small_120 size-thumbnail_small_120 wp-post-image\" alt=\"\" srcset=\"https:\/\/hungolf.hu\/wp-content\/uploads\/2025\/05\/SzepfyM-120x120.jpg 120w, https:\/\/hungolf.hu\/wp-content\/uploads\/2025\/05\/SzepfyM-150x150.jpg 150w, https:\/\/hungolf.hu\/wp-content\/uploads\/2025\/05\/SzepfyM-60x60.jpg 60w\" sizes=\"auto, (max-width: 120px) 100vw, 120px\" \/><div class=\"list-item-content\">\n\t\t\t\t\t\t<div>\n\t\t\t\t\t\t\t<h4>M\u00e1rton Sz\u00e9pfy<\/h4>\n\t\t\t\t\t\t\t<div class=\"position\">Board Member<\/div>\n\t\t\t\t\t\t<\/div>\n\t\t\t\t\t<\/div>\n\t\t\t\t<\/div>\n\t\t\t\t<div class=\"list-item\"><img loading=\"lazy\" decoding=\"async\" width=\"120\" height=\"120\" src=\"https:\/\/hungolf.hu\/wp-content\/uploads\/2018\/09\/zz-foto-2017.-okt.-120x120.jpg\" class=\"attachment-thumbnail_small_120 size-thumbnail_small_120 wp-post-image\" alt=\"\" srcset=\"https:\/\/hungolf.hu\/wp-content\/uploads\/2018\/09\/zz-foto-2017.-okt.-120x120.jpg 120w, https:\/\/hungolf.hu\/wp-content\/uploads\/2018\/09\/zz-foto-2017.-okt.-150x150.jpg 150w, https:\/\/hungolf.hu\/wp-content\/uploads\/2018\/09\/zz-foto-2017.-okt.-480x480.jpg 480w, https:\/\/hungolf.hu\/wp-content\/uploads\/2018\/09\/zz-foto-2017.-okt.-360x360.jpg 360w\" sizes=\"auto, (max-width: 120px) 100vw, 120px\" \/><div class=\"list-item-content\">\n\t\t\t\t\t\t<div>\n\t\t\t\t\t\t\t<h4>Zolt\u00e1n Z\u00e1vodszky<\/h4>\n\t\t\t\t\t\t\t<div class=\"position\">Board Member<\/div>\n\t\t\t\t\t\t<\/div>\n\t\t\t\t\t<\/div>\n\t\t\t\t<\/div>\n\t\t\t\t<div class=\"list-item\"><img loading=\"lazy\" decoding=\"async\" width=\"120\" height=\"120\" src=\"https:\/\/hungolf.hu\/wp-content\/uploads\/2025\/05\/ZilahyCs-120x120.jpg\" class=\"attachment-thumbnail_small_120 size-thumbnail_small_120 wp-post-image\" alt=\"\" srcset=\"https:\/\/hungolf.hu\/wp-content\/uploads\/2025\/05\/ZilahyCs-120x120.jpg 120w, https:\/\/hungolf.hu\/wp-content\/uploads\/2025\/05\/ZilahyCs-300x300.jpg 300w, https:\/\/hungolf.hu\/wp-content\/uploads\/2025\/05\/ZilahyCs-1024x1024.jpg 1024w, https:\/\/hungolf.hu\/wp-content\/uploads\/2025\/05\/ZilahyCs-150x150.jpg 150w, https:\/\/hungolf.hu\/wp-content\/uploads\/2025\/05\/ZilahyCs-768x768.jpg 768w, https:\/\/hungolf.hu\/wp-content\/uploads\/2025\/05\/ZilahyCs-1536x1536.jpg 1536w, https:\/\/hungolf.hu\/wp-content\/uploads\/2025\/05\/ZilahyCs-480x480.jpg 480w, https:\/\/hungolf.hu\/wp-content\/uploads\/2025\/05\/ZilahyCs-360x360.jpg 360w, https:\/\/hungolf.hu\/wp-content\/uploads\/2025\/05\/ZilahyCs-60x60.jpg 60w, https:\/\/hungolf.hu\/wp-content\/uploads\/2025\/05\/ZilahyCs.jpg 1920w\" sizes=\"auto, (max-width: 120px) 100vw, 120px\" \/><div class=\"list-item-content\">\n\t\t\t\t\t\t<div>\n\t\t\t\t\t\t\t<h4>Csaba Zilahy<\/h4>\n\t\t\t\t\t\t\t<div class=\"position\">Board Member<\/div>\n\t\t\t\t\t\t<\/div>\n\t\t\t\t\t<\/div>\n\t\t\t\t<\/div><\/div>\n\t\t\t<h2>Office<\/h2>\n\t\t\t<div class=\"list-card list-businesscard\">\n\t\t\t\t<div class=\"list-item\"><img loading=\"lazy\" decoding=\"async\" width=\"120\" height=\"120\" src=\"https:\/\/hungolf.hu\/wp-content\/uploads\/2025\/05\/Szeberenyi3-120x120.jpg\" class=\"attachment-thumbnail_small_120 size-thumbnail_small_120 wp-post-image\" alt=\"\" srcset=\"https:\/\/hungolf.hu\/wp-content\/uploads\/2025\/05\/Szeberenyi3-120x120.jpg 120w, https:\/\/hungolf.hu\/wp-content\/uploads\/2025\/05\/Szeberenyi3-150x150.jpg 150w, https:\/\/hungolf.hu\/wp-content\/uploads\/2025\/05\/Szeberenyi3-60x60.jpg 60w, https:\/\/hungolf.hu\/wp-content\/uploads\/2025\/05\/Szeberenyi3.jpg 271w\" sizes=\"auto, (max-width: 120px) 100vw, 120px\" \/><div class=\"list-item-content\">\n\t\t\t\t\t\t<div>\n\t\t\t\t\t\t\t<h4>M\u00e1t\u00e9 Szeber\u00e9nyi<\/h4>\n\t\t\t\t\t\t\t<div class=\"position\">Secretary General<\/div>\n\t\t\t\t\t\t<\/div>\n\t\t\t\t\t<\/div>\n\t\t\t\t<\/div>\n\t\t\t\t<div class=\"list-item\"><img loading=\"lazy\" decoding=\"async\" width=\"120\" height=\"120\" src=\"https:\/\/hungolf.hu\/wp-content\/uploads\/2019\/10\/Zsofi-120x120.jpg\" class=\"attachment-thumbnail_small_120 size-thumbnail_small_120 wp-post-image\" alt=\"\" srcset=\"https:\/\/hungolf.hu\/wp-content\/uploads\/2019\/10\/Zsofi-120x120.jpg 120w, https:\/\/hungolf.hu\/wp-content\/uploads\/2019\/10\/Zsofi-150x150.jpg 150w, https:\/\/hungolf.hu\/wp-content\/uploads\/2019\/10\/Zsofi-480x480.jpg 480w, https:\/\/hungolf.hu\/wp-content\/uploads\/2019\/10\/Zsofi-360x360.jpg 360w\" sizes=\"auto, (max-width: 120px) 100vw, 120px\" \/><div class=\"list-item-content\">\n\t\t\t\t\t\t<div>\n\t\t\t\t\t\t\t<h4>Zs\u00f3fia Papp<\/h4>\n\t\t\t\t\t\t\t<div class=\"position\">Sports Assistant<\/div>\n\t\t\t\t\t\t<\/div>\n\t\t\t\t\t<\/div>\n\t\t\t\t<\/div><\/div>\n\t\t\t<h2>Audit Committee<\/h2>\n\t\t\t<div class=\"list-card list-businesscard\">\n\t\t\t\t<div class=\"list-item\"><div class=\"list-item-content\">\n\t\t\t\t\t\t<div>\n\t\t\t\t\t\t\t<h4>Zsolt T\u0151t\u00f6s<\/h4>\n\t\t\t\t\t\t\t<div class=\"position\">President<\/div>\n\t\t\t\t\t\t<\/div>\n\t\t\t\t\t<\/div>\n\t\t\t\t<\/div>\n\t\t\t\t<div class=\"list-item\"><div class=\"list-item-content\">\n\t\t\t\t\t\t<div>\n\t\t\t\t\t\t\t<h4>G\u00e1bor Briglovics<\/h4>\n\t\t\t\t\t\t\t<div class=\"position\">Committee Member<\/div>\n\t\t\t\t\t\t<\/div>\n\t\t\t\t\t<\/div>\n\t\t\t\t<\/div>\n\t\t\t\t<div class=\"list-item\"><div class=\"list-item-content\">\n\t\t\t\t\t\t<div>\n\t\t\t\t\t\t\t<h4>Sonja Gschwendtner<\/h4>\n\t\t\t\t\t\t\t<div class=\"position\">Committee Member<\/div>\n\t\t\t\t\t\t<\/div>\n\t\t\t\t\t<\/div>\n\t\t\t\t<\/div><\/div>\n\t\t\t<h2>Legal Committee<\/h2>\n\t\t\t<div class=\"list-card list-businesscard\">\n\t\t\t\t<div class=\"list-item\"><div class=\"list-item-content\">\n\t\t\t\t\t\t<div>\n\t\t\t\t\t\t\t<h4>Dr P\u00e1l K\u00e1roly<\/h4>\n\t\t\t\t\t\t\t<div class=\"position\">President<\/div>\n\t\t\t\t\t\t<\/div>\n\t\t\t\t\t<\/div>\n\t\t\t\t<\/div>\n\t\t\t\t<div class=\"list-item\"><div class=\"list-item-content\">\n\t\t\t\t\t\t<div>\n\t\t\t\t\t\t\t<h4>B\u00e9la Horv\u00e1th<\/h4>\n\t\t\t\t\t\t\t<div class=\"position\">Committee Member<\/div>\n\t\t\t\t\t\t<\/div>\n\t\t\t\t\t<\/div>\n\t\t\t\t<\/div>\n\t\t\t\t<div class=\"list-item\"><div class=\"list-item-content\">\n\t\t\t\t\t\t<div>\n\t\t\t\t\t\t\t<h4>Andr\u00e1s Jakobi<\/h4>\n\t\t\t\t\t\t\t<div class=\"position\">Committee Member<\/div>\n\t\t\t\t\t\t<\/div>\n\t\t\t\t\t<\/div>\n\t\t\t\t<\/div><\/div>\n\t\t\t<h2>Referee Committe<\/h2>\n\t\t\t<div class=\"list-card list-businesscard\">\n\t\t\t\t<div class=\"list-item\"><div class=\"list-item-content\">\n\t\t\t\t\t\t<div>\n\t\t\t\t\t\t\t<h4>G\u00e1bor G\u00e1gyor<\/h4>\n\t\t\t\t\t\t\t<div class=\"position\">President<\/div>\n\t\t\t\t\t\t<\/div>\n\t\t\t\t\t<\/div>\n\t\t\t\t<\/div>\n\t\t\t\t<div class=\"list-item\"><div class=\"list-item-content\">\n\t\t\t\t\t\t<div>\n\t\t\t\t\t\t\t<h4>Tibor Bodor<\/h4>\n\t\t\t\t\t\t\t<div class=\"position\">Committee Member<\/div>\n\t\t\t\t\t\t<\/div>\n\t\t\t\t\t<\/div>\n\t\t\t\t<\/div>\n\t\t\t\t<div class=\"list-item\"><div class=\"list-item-content\">\n\t\t\t\t\t\t<div>\n\t\t\t\t\t\t\t<h4>Adrienn Pint\u00e9r<\/h4>\n\t\t\t\t\t\t\t<div class=\"position\">Board Member<\/div>\n\t\t\t\t\t\t<\/div>\n\t\t\t\t\t<\/div>\n\t\t\t\t<\/div><\/div>\n\t\t\t<h2>Hcp\/Course Rating Committe<\/h2>\n\t\t\t<div class=\"list-card list-businesscard\">\n\t\t\t\t<div class=\"list-item\"><div class=\"list-item-content\">\n\t\t\t\t\t\t<div>\n\t\t\t\t\t\t\t<h4>R\u00f3bert Horv\u00e1th<\/h4>\n\t\t\t\t\t\t\t<div class=\"position\">President<\/div>\n\t\t\t\t\t\t<\/div>\n\t\t\t\t\t<\/div>\n\t\t\t\t<\/div>\n\t\t\t\t<div class=\"list-item\"><div class=\"list-item-content\">\n\t\t\t\t\t\t<div>\n\t\t\t\t\t\t\t<h4>Tibor Bodor<\/h4>\n\t\t\t\t\t\t\t<div class=\"position\">Committee Member<\/div>\n\t\t\t\t\t\t<\/div>\n\t\t\t\t\t<\/div>\n\t\t\t\t<\/div>\n\t\t\t\t<div class=\"list-item\"><div class=\"list-item-content\">\n\t\t\t\t\t\t<div>\n\t\t\t\t\t\t\t<h4>Edvin Buna<\/h4>\n\t\t\t\t\t\t\t<div class=\"position\">Committee Member<\/div>\n\t\t\t\t\t\t<\/div>\n\t\t\t\t\t<\/div>\n\t\t\t\t<\/div><\/div>\n\t\t\t<h2>Competition Committee<\/h2>\n\t\t\t<div class=\"list-card list-businesscard\">\n\t\t\t\t<div class=\"list-item\"><div class=\"list-item-content\">\n\t\t\t\t\t\t<div>\n\t\t\t\t\t\t\t<h4>D\u00e1vid R\u00f3zsa<\/h4>\n\t\t\t\t\t\t\t<div class=\"position\">Committee Member<\/div>\n\t\t\t\t\t\t<\/div>\n\t\t\t\t\t<\/div>\n\t\t\t\t<\/div><\/div><\/div>\n","protected":false},"excerpt":{"rendered":"","protected":false},"author":1,"featured_media":0,"parent":1787,"menu_order":0,"comment_status":"closed","ping_status":"closed","template":"","meta":{"footnotes":""},"class_list":["post-2982","page","type-page","status-publish","hentry"],"_links":{"self":[{"href":"https:\/\/hungolf.hu\/en\/wp-json\/wp\/v2\/pages\/2982\/"}],"collection":[{"href":"https:\/\/hungolf.hu\/en\/wp-json\/wp\/v2\/pages\/"}],"about":[{"href":"https:\/\/hungolf.hu\/en\/wp-json\/wp\/v2\/types\/page\/"}],"author":[{"embeddable":true,"href":"https:\/\/hungolf.hu\/en\/wp-json\/wp\/v2\/users\/1\/"}],"replies":[{"embeddable":true,"href":"https:\/\/hungolf.hu\/en\/wp-json\/wp\/v2\/comments\/?post=2982"}],"version-history":[{"count":1,"href":"https:\/\/hungolf.hu\/en\/wp-json\/wp\/v2\/pages\/2982\/revisions\/"}],"predecessor-version":[{"id":2984,"href":"https:\/\/hungolf.hu\/en\/wp-json\/wp\/v2\/pages\/2982\/revisions\/2984\/"}],"up":[{"embeddable":true,"href":"https:\/\/hungolf.hu\/en\/wp-json\/wp\/v2\/pages\/1787\/"}],"wp:attachment":[{"href":"https:\/\/hungolf.hu\/en\/wp-json\/wp\/v2\/media\/?parent=2982"}],"curies":[{"name":"wp","href":"https:\/\/api.w.org\/{rel}","templated":true}]}}