{"id":1790,"date":"2018-05-24T12:31:16","date_gmt":"2018-05-24T12:31:16","guid":{"rendered":"https:\/\/hungolf.hu\/?page_id=1790"},"modified":"2026-03-22T10:48:20","modified_gmt":"2026-03-22T09:48:20","slug":"contact-us","status":"publish","type":"page","link":"https:\/\/hungolf.hu\/en\/about-us\/contact-us\/","title":{"rendered":"Contact us"},"content":{"rendered":"<h3>Hungarian Golf Federation<\/h3>\n<p><strong>Office: <\/strong>Dolgos str. 2., Block 7\/b &#8211; H-1223 Budapest, Hungary<\/p>\n<p><strong>Billing address:<\/strong> Dolgos str. 2., Block 7\/b &#8211; H-1223 Budapest, Hungary<\/p>\n<p><strong>Bank Account Number<\/strong>:<\/p>\n<p style=\"font-weight: 400;\"><strong>MBH Bank<\/strong>:<\/p>\n<p style=\"font-weight: 400;\">10300002-13494181-00024900 (HUF)<\/p>\n<p style=\"font-weight: 400;\">10300002-13494181-00014884 (EUR)<\/p>\n<p style=\"font-weight: 400;\"><strong>IBAN<\/strong>: HU62 1030 0002 1349 4181 0001 4884 (EUR)<\/p>\n<p><strong>SWIFT:<\/strong> MKKBHUHB<\/p>\n<hr \/>\n<h3>Office:<\/h3>\n<p><strong>\ud83d\udce9\u00a0 office@hungolf.hu\u00a0 \u00a0 \u00a0 \u00a0 \u00a0 \u00a0 \u00a0 \u00a0<\/strong><\/p>\n<p><strong>Tel: <\/strong>+36 20 284 7974<\/p>\n<div class=\"row\">\n<div class=\"col-md-4\">\u00a0<\/div>\n<p><!-- div class=\"col-md-4\">\n\n\n\n\n\n\n\n\n<h4>Assistant of Finance<\/h4>\n\n\n\n\n\n\n\n\n\u00c1gnes L\u00e1szl\u00f3\n\n<\/div --><\/p>\n<\/div>\n\n\n<p><\/p>\n\n\n\n<p><\/p>\n","protected":false},"excerpt":{"rendered":"<p>Hungarian Golf Federation Office: Dolgos str. 2., Block 7\/b &#8211; H-1223 Budapest, Hungary Billing address: Dolgos str. 2., Block 7\/b &#8211; H-1223 Budapest, Hungary Bank Account Number: MBH Bank: 10300002-13494181-00024900 (HUF) 10300002-13494181-00014884 (EUR) IBAN: HU62 1030 0002 1349 4181 0001 4884 (EUR) SWIFT: MKKBHUHB Office: \ud83d\udce9\u00a0 office@hungolf.hu\u00a0 \u00a0 \u00a0 \u00a0 \u00a0 \u00a0 \u00a0 \u00a0 Tel: [&hellip;]<\/p>\n","protected":false},"author":1,"featured_media":0,"parent":1787,"menu_order":0,"comment_status":"closed","ping_status":"closed","template":"","meta":{"footnotes":""},"class_list":["post-1790","page","type-page","status-publish","hentry"],"_links":{"self":[{"href":"https:\/\/hungolf.hu\/en\/wp-json\/wp\/v2\/pages\/1790\/"}],"collection":[{"href":"https:\/\/hungolf.hu\/en\/wp-json\/wp\/v2\/pages\/"}],"about":[{"href":"https:\/\/hungolf.hu\/en\/wp-json\/wp\/v2\/types\/page\/"}],"author":[{"embeddable":true,"href":"https:\/\/hungolf.hu\/en\/wp-json\/wp\/v2\/users\/1\/"}],"replies":[{"embeddable":true,"href":"https:\/\/hungolf.hu\/en\/wp-json\/wp\/v2\/comments\/?post=1790"}],"version-history":[{"count":31,"href":"https:\/\/hungolf.hu\/en\/wp-json\/wp\/v2\/pages\/1790\/revisions\/"}],"predecessor-version":[{"id":54277,"href":"https:\/\/hungolf.hu\/en\/wp-json\/wp\/v2\/pages\/1790\/revisions\/54277\/"}],"up":[{"embeddable":true,"href":"https:\/\/hungolf.hu\/en\/wp-json\/wp\/v2\/pages\/1787\/"}],"wp:attachment":[{"href":"https:\/\/hungolf.hu\/en\/wp-json\/wp\/v2\/media\/?parent=1790"}],"curies":[{"name":"wp","href":"https:\/\/api.w.org\/{rel}","templated":true}]}}